{"id":66,"date":"2026-03-13T14:40:35","date_gmt":"2026-03-13T13:40:35","guid":{"rendered":"https:\/\/ingenieria-mmo.com\/?page_id=66"},"modified":"2026-03-19T09:40:32","modified_gmt":"2026-03-19T08:40:32","slug":"privacy-policy","status":"publish","type":"page","link":"https:\/\/ingenieria-mmo.com\/de\/privacy-policy","title":{"rendered":"Datenschutz"},"content":{"rendered":"<div data-elementor-type=\"wp-page\" data-elementor-id=\"66\" class=\"elementor elementor-66\">\n\t\t\t\t<div class=\"elementor-element elementor-element-6acb039 e-flex e-con-boxed e-con e-parent\" data-id=\"6acb039\" data-element_type=\"container\" data-e-type=\"container\">\n\t\t\t\t\t<div class=\"e-con-inner\">\n\t\t\t\t<div class=\"elementor-element elementor-element-0c6c0f9 elementor-widget elementor-widget-heading\" data-id=\"0c6c0f9\" data-element_type=\"widget\" data-e-type=\"widget\" data-widget_type=\"heading.default\">\n\t\t\t\t<div class=\"elementor-widget-container\">\n\t\t\t\t\t<h2 class=\"elementor-heading-title elementor-size-default\">Datenschutz<\/h2>\t\t\t\t<\/div>\n\t\t\t\t<\/div>\n\t\t\t\t<div class=\"elementor-element elementor-element-5261ad7 elementor-widget elementor-widget-text-editor\" data-id=\"5261ad7\" data-element_type=\"widget\" data-e-type=\"widget\" data-widget_type=\"text-editor.default\">\n\t\t\t\t<div class=\"elementor-widget-container\">\n\t\t\t\t\t\t\t\t\t<p>Verantwortlich f\u00fcr die Datenverarbeitung auf dieser Website ist:<\/p><p>Miguel Morell<br \/>DNI: 43165263J<br \/>Calle Estanco 5, 1\u00b0<br \/>07012 Palma \/ Illes Baleares<br \/>Tel: +34 659 514 737<br \/>E-Mail: office(at)ingenieria-mmo.com<\/p>\t\t\t\t\t\t\t\t<\/div>\n\t\t\t\t<\/div>\n\t\t\t\t<div class=\"elementor-element elementor-element-1d33524 elementor-widget elementor-widget-heading\" data-id=\"1d33524\" data-element_type=\"widget\" data-e-type=\"widget\" data-widget_type=\"heading.default\">\n\t\t\t\t<div class=\"elementor-widget-container\">\n\t\t\t\t\t<h2 class=\"elementor-heading-title elementor-size-default\">Server-Protokolldateien<\/h2>\t\t\t\t<\/div>\n\t\t\t\t<\/div>\n\t\t\t\t<div class=\"elementor-element elementor-element-d1aaa4e elementor-widget elementor-widget-text-editor\" data-id=\"d1aaa4e\" data-element_type=\"widget\" data-e-type=\"widget\" data-widget_type=\"text-editor.default\">\n\t\t\t\t<div class=\"elementor-widget-container\">\n\t\t\t\t\t\t\t\t\t<p>Wenn Sie diese Website besuchen, werden automatisch Informationen vom Hosting-Anbieter erfasst und in sogenannten Server-Protokolldateien gespeichert. Diese Informationen k\u00f6nnen Folgendes umfassen:<\/p><ul><li>\nIP-Adresse des Besuchers<\/li><li>Datum und Uhrzeit der Anfrage<\/li><li>Aufgerufene Seite<\/li><li>Browsertyp und Browserversion<\/li><li>Verwendetes Betriebssystem<\/li><li>\tVerweisende URL<\/li><\/ul><p>\nDiese Daten werden ausschlie\u00dflich zur technischen \u00dcberwachung und zur Gew\u00e4hrleistung der Sicherheit des Servers verwendet und nicht mit anderen Datenquellen zusammengef\u00fchrt.<\/p>\n\t\t\t\t\t\t\t\t<\/div>\n\t\t\t\t<\/div>\n\t\t\t\t<div class=\"elementor-element elementor-element-831bce6 elementor-widget elementor-widget-heading\" data-id=\"831bce6\" data-element_type=\"widget\" data-e-type=\"widget\" data-widget_type=\"heading.default\">\n\t\t\t\t<div class=\"elementor-widget-container\">\n\t\t\t\t\t<h2 class=\"elementor-heading-title elementor-size-default\">Kontakt<\/h2>\t\t\t\t<\/div>\n\t\t\t\t<\/div>\n\t\t\t\t<div class=\"elementor-element elementor-element-9b7e6b0 elementor-widget elementor-widget-text-editor\" data-id=\"9b7e6b0\" data-element_type=\"widget\" data-e-type=\"widget\" data-widget_type=\"text-editor.default\">\n\t\t\t\t<div class=\"elementor-widget-container\">\n\t\t\t\t\t\t\t\t\tWenn Sie uns per E-Mail oder \u00fcber ein Kontaktformular kontaktieren, werden die von Ihnen angegebenen Daten (wie Name, E-Mail-Adresse und Nachricht) ausschlie\u00dflich zum Zweck der Bearbeitung Ihrer Anfrage gespeichert und verarbeitet. Ihre Daten werden ohne Ihre Zustimmung nicht an Dritte weitergegeben.\n\t\t\t\t\t\t\t\t<\/div>\n\t\t\t\t<\/div>\n\t\t\t\t<div class=\"elementor-element elementor-element-3fd0a3c elementor-widget elementor-widget-heading\" data-id=\"3fd0a3c\" data-element_type=\"widget\" data-e-type=\"widget\" data-widget_type=\"heading.default\">\n\t\t\t\t<div class=\"elementor-widget-container\">\n\t\t\t\t\t<h2 class=\"elementor-heading-title elementor-size-default\">Cookies<\/h2>\t\t\t\t<\/div>\n\t\t\t\t<\/div>\n\t\t\t\t<div class=\"elementor-element elementor-element-dc52095 elementor-widget elementor-widget-text-editor\" data-id=\"dc52095\" data-element_type=\"widget\" data-e-type=\"widget\" data-widget_type=\"text-editor.default\">\n\t\t\t\t<div class=\"elementor-widget-container\">\n\t\t\t\t\t\t\t\t\t<p>Diese Website verwendet keine Tracking- oder Analyse-Cookies. Es werden lediglich technisch notwendige Cookies verwendet, sofern diese f\u00fcr den Betrieb der Website erforderlich sind.<\/p>\n\t\t\t\t\t\t\t\t<\/div>\n\t\t\t\t<\/div>\n\t\t\t\t<div class=\"elementor-element elementor-element-093025b elementor-widget elementor-widget-heading\" data-id=\"093025b\" data-element_type=\"widget\" data-e-type=\"widget\" data-widget_type=\"heading.default\">\n\t\t\t\t<div class=\"elementor-widget-container\">\n\t\t\t\t\t<h2 class=\"elementor-heading-title elementor-size-default\">Ihre Rechte<\/h2>\t\t\t\t<\/div>\n\t\t\t\t<\/div>\n\t\t\t\t<div class=\"elementor-element elementor-element-cef678a elementor-widget elementor-widget-text-editor\" data-id=\"cef678a\" data-element_type=\"widget\" data-e-type=\"widget\" data-widget_type=\"text-editor.default\">\n\t\t\t\t<div class=\"elementor-widget-container\">\n\t\t\t\t\t\t\t\t\t<p>Gem\u00e4\u00df der Datenschutz-Grundverordnung (DSGVO) haben Sie das Recht auf:<\/p>\n<ul><li>Informationen \u00fcber Ihre gespeicherten personenbezogenen Daten anfordern<\/li><li>die Berichtigung unrichtiger Daten beantragen<\/li><li>Beantragen Sie die L\u00f6schung Ihrer Daten<\/li><li>Antrag auf Einschr\u00e4nkung der Verarbeitung<\/li><li>der Verarbeitung Ihrer Daten widersprechen<\/li><\/ul>\n\t\t\t\t\t\t\t\t<\/div>\n\t\t\t\t<\/div>\n\t\t\t\t<div class=\"elementor-element elementor-element-25d9a71 elementor-widget elementor-widget-heading\" data-id=\"25d9a71\" data-element_type=\"widget\" data-e-type=\"widget\" data-widget_type=\"heading.default\">\n\t\t\t\t<div class=\"elementor-widget-container\">\n\t\t\t\t\t<h2 class=\"elementor-heading-title elementor-size-default\">Recht auf Beschwerde<\/h2>\t\t\t\t<\/div>\n\t\t\t\t<\/div>\n\t\t\t\t<div class=\"elementor-element elementor-element-0fa5b84 elementor-widget elementor-widget-text-editor\" data-id=\"0fa5b84\" data-element_type=\"widget\" data-e-type=\"widget\" data-widget_type=\"text-editor.default\">\n\t\t\t\t<div class=\"elementor-widget-container\">\n\t\t\t\t\t\t\t\t\t<p>Sie haben das Recht, eine Beschwerde bei einer Aufsichtsbeh\u00f6rde einzureichen. In Spanien ist die zust\u00e4ndige Beh\u00f6rde die<br \/>Spanische Datenschutzbeh\u00f6rde (AEPD).<\/p>\t\t\t\t\t\t\t\t<\/div>\n\t\t\t\t<\/div>\n\t\t\t\t\t<\/div>\n\t\t\t\t<\/div>\n\t\t\t\t<\/div>","protected":false},"excerpt":{"rendered":"<p>Privacy Policy The controller responsible for data processing on this website is: Miguel MorellDNI: 43165263JCalle Estanco 5, 1\u00b007012 Palma \/ Illes BalearesTel: +34 659 514 737E-Mail: office(at)ingenieria-mmo.com Server Log Files When you visit this website, information is automatically collected by the hosting provider and stored in so-called server log files. This information may include: IP [&hellip;]<\/p>\n","protected":false},"author":1,"featured_media":0,"parent":0,"menu_order":0,"comment_status":"closed","ping_status":"closed","template":"elementor_header_footer","meta":{"site-sidebar-layout":"default","site-content-layout":"","ast-site-content-layout":"default","site-content-style":"default","site-sidebar-style":"default","ast-global-header-display":"","ast-banner-title-visibility":"","ast-main-header-display":"","ast-hfb-above-header-display":"","ast-hfb-below-header-display":"","ast-hfb-mobile-header-display":"","site-post-title":"","ast-breadcrumbs-content":"","ast-featured-img":"","footer-sml-layout":"","ast-disable-related-posts":"","theme-transparent-header-meta":"","adv-header-id-meta":"","stick-header-meta":"","header-above-stick-meta":"","header-main-stick-meta":"","header-below-stick-meta":"","astra-migrate-meta-layouts":"set","ast-page-background-enabled":"default","ast-page-background-meta":{"desktop":{"background-color":"","background-image":"","background-repeat":"repeat","background-position":"center center","background-size":"auto","background-attachment":"scroll","background-type":"","background-media":"","overlay-type":"","overlay-color":"","overlay-opacity":"","overlay-gradient":""},"tablet":{"background-color":"","background-image":"","background-repeat":"repeat","background-position":"center center","background-size":"auto","background-attachment":"scroll","background-type":"","background-media":"","overlay-type":"","overlay-color":"","overlay-opacity":"","overlay-gradient":""},"mobile":{"background-color":"","background-image":"","background-repeat":"repeat","background-position":"center center","background-size":"auto","background-attachment":"scroll","background-type":"","background-media":"","overlay-type":"","overlay-color":"","overlay-opacity":"","overlay-gradient":""}},"ast-content-background-meta":{"desktop":{"background-color":"var(--ast-global-color-5)","background-image":"","background-repeat":"repeat","background-position":"center center","background-size":"auto","background-attachment":"scroll","background-type":"","background-media":"","overlay-type":"","overlay-color":"","overlay-opacity":"","overlay-gradient":""},"tablet":{"background-color":"var(--ast-global-color-5)","background-image":"","background-repeat":"repeat","background-position":"center center","background-size":"auto","background-attachment":"scroll","background-type":"","background-media":"","overlay-type":"","overlay-color":"","overlay-opacity":"","overlay-gradient":""},"mobile":{"background-color":"var(--ast-global-color-5)","background-image":"","background-repeat":"repeat","background-position":"center center","background-size":"auto","background-attachment":"scroll","background-type":"","background-media":"","overlay-type":"","overlay-color":"","overlay-opacity":"","overlay-gradient":""}},"footnotes":""},"class_list":["post-66","page","type-page","status-publish","hentry"],"_links":{"self":[{"href":"https:\/\/ingenieria-mmo.com\/de\/wp-json\/wp\/v2\/pages\/66","targetHints":{"allow":["GET"]}}],"collection":[{"href":"https:\/\/ingenieria-mmo.com\/de\/wp-json\/wp\/v2\/pages"}],"about":[{"href":"https:\/\/ingenieria-mmo.com\/de\/wp-json\/wp\/v2\/types\/page"}],"author":[{"embeddable":true,"href":"https:\/\/ingenieria-mmo.com\/de\/wp-json\/wp\/v2\/users\/1"}],"replies":[{"embeddable":true,"href":"https:\/\/ingenieria-mmo.com\/de\/wp-json\/wp\/v2\/comments?post=66"}],"version-history":[{"count":26,"href":"https:\/\/ingenieria-mmo.com\/de\/wp-json\/wp\/v2\/pages\/66\/revisions"}],"predecessor-version":[{"id":3018,"href":"https:\/\/ingenieria-mmo.com\/de\/wp-json\/wp\/v2\/pages\/66\/revisions\/3018"}],"wp:attachment":[{"href":"https:\/\/ingenieria-mmo.com\/de\/wp-json\/wp\/v2\/media?parent=66"}],"curies":[{"name":"wp","href":"https:\/\/api.w.org\/{rel}","templated":true}]}}